{"id":421,"date":"2025-11-05T15:14:40","date_gmt":"2025-11-05T15:14:40","guid":{"rendered":"https:\/\/fcquna.edu.py\/v3\/?page_id=421"},"modified":"2025-12-03T16:00:01","modified_gmt":"2025-12-03T16:00:01","slug":"carreras-2","status":"publish","type":"page","link":"https:\/\/fcquna.edu.py\/v3\/academico\/carreras-2\/","title":{"rendered":"Carreras"},"content":{"rendered":"\t\t<div data-elementor-type=\"wp-post\" data-elementor-id=\"421\" class=\"elementor elementor-421\" data-elementor-post-type=\"page\">\n\t\t\t\t<div class=\"elementor-element elementor-element-c04716c e-flex e-con-boxed e-con e-parent\" data-id=\"c04716c\" data-element_type=\"container\" data-settings=\"{&quot;jet_parallax_layout_list&quot;:[]}\">\n\t\t\t\t\t<div class=\"e-con-inner\">\n\t\t\t\t<div class=\"elementor-element elementor-element-4741864 elementor-widget elementor-widget-eael-breadcrumbs\" data-id=\"4741864\" data-element_type=\"widget\" data-widget_type=\"eael-breadcrumbs.default\">\n\t\t\t\t<div class=\"elementor-widget-container\">\n\t\t\t\t\t\t\t<div class=\"eael-breadcrumbs\">\n\t\t\t<div class=\"eael-breadcrumbs__content\"><a href=\"https:\/\/fcquna.edu.py\/v3\">Home<\/a> <span class=\"eael-breadcrumb-separator\">\/<\/span> <span class = \"eael-current\">Page<\/span><\/div>\t\t<\/div>\n\t\t\t\t\t\t<\/div>\n\t\t\t\t<\/div>\n\t\t\t\t\t<\/div>\n\t\t\t\t<\/div>\n\t\t<div class=\"elementor-element elementor-element-79b8333 e-flex e-con-boxed e-con e-parent\" data-id=\"79b8333\" data-element_type=\"container\" data-settings=\"{&quot;jet_parallax_layout_list&quot;:[]}\">\n\t\t\t\t\t<div class=\"e-con-inner\">\n\t\t\t\t<div class=\"elementor-element elementor-element-f2e33b0 elementor-widget elementor-widget-spacer\" data-id=\"f2e33b0\" data-element_type=\"widget\" data-widget_type=\"spacer.default\">\n\t\t\t\t\t\t\t<div class=\"elementor-spacer\">\n\t\t\t<div class=\"elementor-spacer-inner\"><\/div>\n\t\t<\/div>\n\t\t\t\t\t\t<\/div>\n\t\t<a class=\"eael-wrapper-link-6432249 --eael-wrapper-link-tag\" href=\"https:\/\/fcquna.edu.py\/v3\/carreras\/farmacia\"><\/a><div data-eael-wrapper-link=\"eael-wrapper-link-6432249\" class=\"elementor-element elementor-element-6432249 e-grid e-con-boxed e-con e-child\" data-id=\"6432249\" data-element_type=\"container\" data-settings=\"{&quot;background_background&quot;:&quot;classic&quot;,&quot;jet_parallax_layout_list&quot;:[]}\">\n\t\t\t\t\t<div class=\"e-con-inner\">\n\t\t\t\t<div class=\"elementor-element elementor-element-bbd9df0 elementor-widget elementor-widget-image\" data-id=\"bbd9df0\" data-element_type=\"widget\" data-widget_type=\"image.default\">\n\t\t\t\t\t\t\t\t\t\t\t\t\t\t\t<img fetchpriority=\"high\" decoding=\"async\" width=\"777\" height=\"386\" src=\"https:\/\/fcquna.edu.py\/v3\/wp-content\/uploads\/2025\/11\/img-farmacias.png\" class=\"attachment-large size-large wp-image-422\" alt=\"\" srcset=\"https:\/\/fcquna.edu.py\/v3\/wp-content\/uploads\/2025\/11\/img-farmacias.png 777w, https:\/\/fcquna.edu.py\/v3\/wp-content\/uploads\/2025\/11\/img-farmacias-300x149.png 300w, https:\/\/fcquna.edu.py\/v3\/wp-content\/uploads\/2025\/11\/img-farmacias-768x382.png 768w\" sizes=\"(max-width: 777px) 100vw, 777px\" \/>\t\t\t\t\t\t\t\t\t\t\t\t\t\t\t<\/div>\n\t\t\t\t<div class=\"elementor-element elementor-element-ec3e151 elementor-widget__width-inherit elementor-widget elementor-widget-heading\" data-id=\"ec3e151\" data-element_type=\"widget\" data-widget_type=\"heading.default\">\n\t\t\t\t\t<h2 class=\"elementor-heading-title elementor-size-default\"><a href=\"#\">FARMACIA<\/a><\/h2>\t\t\t\t<\/div>\n\t\t\t\t\t<\/div>\n\t\t\t\t<\/div>\n\t\t\t\t\t<\/div>\n\t\t\t\t<\/div>\n\t\t<div class=\"elementor-element elementor-element-0832c2b e-flex e-con-boxed e-con e-parent\" data-id=\"0832c2b\" data-element_type=\"container\" data-settings=\"{&quot;jet_parallax_layout_list&quot;:[]}\">\n\t\t\t\t\t<div class=\"e-con-inner\">\n\t\t<div class=\"elementor-element elementor-element-65754f3 e-grid e-con-full e-con e-child\" data-id=\"65754f3\" data-element_type=\"container\" data-settings=\"{&quot;jet_parallax_layout_list&quot;:[]}\">\n\t\t\t\t<div class=\"elementor-element elementor-element-134472f elementor-widget elementor-widget-image\" data-id=\"134472f\" data-element_type=\"widget\" data-widget_type=\"image.default\">\n\t\t\t\t\t\t\t\t\t\t\t\t\t\t\t<img decoding=\"async\" width=\"777\" height=\"386\" src=\"https:\/\/fcquna.edu.py\/v3\/wp-content\/uploads\/2025\/11\/img-bioquimica.png\" class=\"attachment-large size-large wp-image-469\" alt=\"\" srcset=\"https:\/\/fcquna.edu.py\/v3\/wp-content\/uploads\/2025\/11\/img-bioquimica.png 777w, https:\/\/fcquna.edu.py\/v3\/wp-content\/uploads\/2025\/11\/img-bioquimica-300x149.png 300w, https:\/\/fcquna.edu.py\/v3\/wp-content\/uploads\/2025\/11\/img-bioquimica-768x382.png 768w\" sizes=\"(max-width: 777px) 100vw, 777px\" \/>\t\t\t\t\t\t\t\t\t\t\t\t\t\t\t<\/div>\n\t\t\t\t<div class=\"elementor-element elementor-element-3b54ae9 elementor-widget elementor-widget-heading\" data-id=\"3b54ae9\" data-element_type=\"widget\" data-widget_type=\"heading.default\">\n\t\t\t\t\t<h2 class=\"elementor-heading-title elementor-size-default\">BIOQU\u00cdMICA<\/h2>\t\t\t\t<\/div>\n\t\t\t\t<\/div>\n\t\t\t\t\t<\/div>\n\t\t\t\t<\/div>\n\t\t<div class=\"elementor-element elementor-element-427e29b e-flex e-con-boxed e-con e-parent\" data-id=\"427e29b\" data-element_type=\"container\" data-settings=\"{&quot;jet_parallax_layout_list&quot;:[]}\">\n\t\t\t\t\t<div class=\"e-con-inner\">\n\t\t<a class=\"eael-wrapper-link-7474e16 --eael-wrapper-link-tag\" href=\"https:\/\/fcquna.edu.py\/v3\/carreras\/ingenieria-quimica\/\"><\/a><div data-eael-wrapper-link=\"eael-wrapper-link-7474e16\" class=\"elementor-element elementor-element-7474e16 e-grid e-con-full e-con e-child\" data-id=\"7474e16\" data-element_type=\"container\" data-settings=\"{&quot;background_background&quot;:&quot;classic&quot;,&quot;jet_parallax_layout_list&quot;:[]}\">\n\t\t\t\t<div class=\"elementor-element elementor-element-584cb11 elementor-widget elementor-widget-image\" data-id=\"584cb11\" data-element_type=\"widget\" data-widget_type=\"image.default\">\n\t\t\t\t\t\t\t\t\t\t\t\t\t\t\t<img decoding=\"async\" width=\"777\" height=\"386\" src=\"https:\/\/fcquna.edu.py\/v3\/wp-content\/uploads\/2025\/11\/img-ing-quimica.png\" class=\"attachment-large size-large wp-image-433\" alt=\"\" srcset=\"https:\/\/fcquna.edu.py\/v3\/wp-content\/uploads\/2025\/11\/img-ing-quimica.png 777w, https:\/\/fcquna.edu.py\/v3\/wp-content\/uploads\/2025\/11\/img-ing-quimica-300x149.png 300w, https:\/\/fcquna.edu.py\/v3\/wp-content\/uploads\/2025\/11\/img-ing-quimica-768x382.png 768w\" sizes=\"(max-width: 777px) 100vw, 777px\" \/>\t\t\t\t\t\t\t\t\t\t\t\t\t\t\t<\/div>\n\t\t\t\t<div class=\"elementor-element elementor-element-4b2d390 elementor-widget elementor-widget-heading\" data-id=\"4b2d390\" data-element_type=\"widget\" data-widget_type=\"heading.default\">\n\t\t\t\t\t<h2 class=\"elementor-heading-title elementor-size-default\">INGENIER\u00cdA QU\u00cdMICA<\/h2>\t\t\t\t<\/div>\n\t\t\t\t<\/div>\n\t\t\t\t\t<\/div>\n\t\t\t\t<\/div>\n\t\t<div class=\"elementor-element elementor-element-7decc7e e-flex e-con-boxed e-con e-parent\" data-id=\"7decc7e\" data-element_type=\"container\" data-settings=\"{&quot;jet_parallax_layout_list&quot;:[]}\">\n\t\t\t\t\t<div class=\"e-con-inner\">\n\t\t<div class=\"elementor-element elementor-element-a0392d7 e-grid e-con-full e-con e-child\" data-id=\"a0392d7\" data-element_type=\"container\" data-settings=\"{&quot;jet_parallax_layout_list&quot;:[]}\">\n\t\t\t\t<div class=\"elementor-element elementor-element-e485747 elementor-widget elementor-widget-image\" data-id=\"e485747\" data-element_type=\"widget\" data-widget_type=\"image.default\">\n\t\t\t\t\t\t\t\t\t\t\t\t\t\t\t<img loading=\"lazy\" decoding=\"async\" width=\"777\" height=\"386\" src=\"https:\/\/fcquna.edu.py\/v3\/wp-content\/uploads\/2025\/11\/img-quimica-industrial.png\" class=\"attachment-large size-large wp-image-461\" alt=\"\" srcset=\"https:\/\/fcquna.edu.py\/v3\/wp-content\/uploads\/2025\/11\/img-quimica-industrial.png 777w, https:\/\/fcquna.edu.py\/v3\/wp-content\/uploads\/2025\/11\/img-quimica-industrial-300x149.png 300w, https:\/\/fcquna.edu.py\/v3\/wp-content\/uploads\/2025\/11\/img-quimica-industrial-768x382.png 768w\" sizes=\"(max-width: 777px) 100vw, 777px\" \/>\t\t\t\t\t\t\t\t\t\t\t\t\t\t\t<\/div>\n\t\t\t\t<div class=\"elementor-element elementor-element-e498534 elementor-widget elementor-widget-heading\" data-id=\"e498534\" data-element_type=\"widget\" data-widget_type=\"heading.default\">\n\t\t\t\t\t<h2 class=\"elementor-heading-title elementor-size-default\">QU\u00cdMICA INDUSTRIAL<\/h2>\t\t\t\t<\/div>\n\t\t\t\t<\/div>\n\t\t\t\t\t<\/div>\n\t\t\t\t<\/div>\n\t\t<div class=\"elementor-element elementor-element-4edb47f e-flex e-con-boxed e-con e-parent\" data-id=\"4edb47f\" data-element_type=\"container\" data-settings=\"{&quot;jet_parallax_layout_list&quot;:[]}\">\n\t\t\t\t\t<div class=\"e-con-inner\">\n\t\t<div class=\"elementor-element elementor-element-9f633db e-grid e-con-full e-con e-child\" data-id=\"9f633db\" data-element_type=\"container\" data-settings=\"{&quot;jet_parallax_layout_list&quot;:[]}\">\n\t\t\t\t<div class=\"elementor-element elementor-element-b219c0c elementor-widget elementor-widget-image\" data-id=\"b219c0c\" data-element_type=\"widget\" data-widget_type=\"image.default\">\n\t\t\t\t\t\t\t\t\t\t\t\t\t\t\t<img loading=\"lazy\" decoding=\"async\" width=\"777\" height=\"386\" src=\"https:\/\/fcquna.edu.py\/v3\/wp-content\/uploads\/2025\/11\/img-ciencias-y-tecnologia-de-alimentos.png\" class=\"attachment-large size-large wp-image-465\" alt=\"\" srcset=\"https:\/\/fcquna.edu.py\/v3\/wp-content\/uploads\/2025\/11\/img-ciencias-y-tecnologia-de-alimentos.png 777w, https:\/\/fcquna.edu.py\/v3\/wp-content\/uploads\/2025\/11\/img-ciencias-y-tecnologia-de-alimentos-300x149.png 300w, https:\/\/fcquna.edu.py\/v3\/wp-content\/uploads\/2025\/11\/img-ciencias-y-tecnologia-de-alimentos-768x382.png 768w\" sizes=\"(max-width: 777px) 100vw, 777px\" \/>\t\t\t\t\t\t\t\t\t\t\t\t\t\t\t<\/div>\n\t\t\t\t<div class=\"elementor-element elementor-element-f79c83b elementor-widget elementor-widget-heading\" data-id=\"f79c83b\" data-element_type=\"widget\" data-widget_type=\"heading.default\">\n\t\t\t\t\t<h2 class=\"elementor-heading-title elementor-size-default\">CIENCIA Y TECNOLOG\u00cdA DE ALIMENTOS<\/h2>\t\t\t\t<\/div>\n\t\t\t\t<\/div>\n\t\t\t\t\t<\/div>\n\t\t\t\t<\/div>\n\t\t<div class=\"elementor-element elementor-element-78193ed e-flex e-con-boxed e-con e-parent\" data-id=\"78193ed\" data-element_type=\"container\" data-settings=\"{&quot;jet_parallax_layout_list&quot;:[]}\">\n\t\t\t\t\t<div class=\"e-con-inner\">\n\t\t<div class=\"elementor-element elementor-element-e637e98 e-grid e-con-full e-con e-child\" data-id=\"e637e98\" data-element_type=\"container\" data-settings=\"{&quot;jet_parallax_layout_list&quot;:[]}\">\n\t\t\t\t<div class=\"elementor-element elementor-element-ade6ea6 elementor-widget elementor-widget-image\" data-id=\"ade6ea6\" data-element_type=\"widget\" data-widget_type=\"image.default\">\n\t\t\t\t\t\t\t\t\t\t\t\t\t\t\t<img loading=\"lazy\" decoding=\"async\" width=\"777\" height=\"386\" src=\"https:\/\/fcquna.edu.py\/v3\/wp-content\/uploads\/2025\/11\/img-nutricion.png\" class=\"attachment-large size-large wp-image-444\" alt=\"\" srcset=\"https:\/\/fcquna.edu.py\/v3\/wp-content\/uploads\/2025\/11\/img-nutricion.png 777w, https:\/\/fcquna.edu.py\/v3\/wp-content\/uploads\/2025\/11\/img-nutricion-300x149.png 300w, https:\/\/fcquna.edu.py\/v3\/wp-content\/uploads\/2025\/11\/img-nutricion-768x382.png 768w\" sizes=\"(max-width: 777px) 100vw, 777px\" \/>\t\t\t\t\t\t\t\t\t\t\t\t\t\t\t<\/div>\n\t\t\t\t<div class=\"elementor-element elementor-element-f1de7ef elementor-widget elementor-widget-heading\" data-id=\"f1de7ef\" data-element_type=\"widget\" data-widget_type=\"heading.default\">\n\t\t\t\t\t<h2 class=\"elementor-heading-title elementor-size-default\">NUTRICI\u00d3N<\/h2>\t\t\t\t<\/div>\n\t\t\t\t<\/div>\n\t\t\t\t\t<\/div>\n\t\t\t\t<\/div>\n\t\t<div class=\"elementor-element elementor-element-46b14db e-flex e-con-boxed e-con e-parent\" data-id=\"46b14db\" data-element_type=\"container\" data-settings=\"{&quot;jet_parallax_layout_list&quot;:[]}\">\n\t\t\t\t\t<div class=\"e-con-inner\">\n\t\t<div class=\"elementor-element elementor-element-11c89bf e-grid e-con-full e-con e-child\" data-id=\"11c89bf\" data-element_type=\"container\" data-settings=\"{&quot;jet_parallax_layout_list&quot;:[]}\">\n\t\t\t\t<div class=\"elementor-element elementor-element-4ebed43 elementor-widget elementor-widget-image\" data-id=\"4ebed43\" data-element_type=\"widget\" data-widget_type=\"image.default\">\n\t\t\t\t\t\t\t\t\t\t\t\t\t\t\t<img loading=\"lazy\" decoding=\"async\" width=\"777\" height=\"386\" src=\"https:\/\/fcquna.edu.py\/v3\/wp-content\/uploads\/2025\/11\/img-ing-de-alimentos.png\" class=\"attachment-large size-large wp-image-457\" alt=\"\" srcset=\"https:\/\/fcquna.edu.py\/v3\/wp-content\/uploads\/2025\/11\/img-ing-de-alimentos.png 777w, https:\/\/fcquna.edu.py\/v3\/wp-content\/uploads\/2025\/11\/img-ing-de-alimentos-300x149.png 300w, https:\/\/fcquna.edu.py\/v3\/wp-content\/uploads\/2025\/11\/img-ing-de-alimentos-768x382.png 768w\" sizes=\"(max-width: 777px) 100vw, 777px\" \/>\t\t\t\t\t\t\t\t\t\t\t\t\t\t\t<\/div>\n\t\t\t\t<div class=\"elementor-element elementor-element-6f91846 elementor-widget elementor-widget-heading\" data-id=\"6f91846\" data-element_type=\"widget\" data-widget_type=\"heading.default\">\n\t\t\t\t\t<h2 class=\"elementor-heading-title elementor-size-default\">INGENIER\u00cdA DE ALIMENTOS<\/h2>\t\t\t\t<\/div>\n\t\t\t\t<\/div>\n\t\t\t\t\t<\/div>\n\t\t\t\t<\/div>\n\t\t<div class=\"elementor-element elementor-element-4c53f27 e-flex e-con-boxed e-con e-parent\" data-id=\"4c53f27\" data-element_type=\"container\" data-settings=\"{&quot;jet_parallax_layout_list&quot;:[]}\">\n\t\t\t\t\t<div class=\"e-con-inner\">\n\t\t\t\t\t<\/div>\n\t\t\t\t<\/div>\n\t\t\t\t<\/div>\n\t\t","protected":false},"excerpt":{"rendered":"<p>Home \/ Page FARMACIA BIOQU\u00cdMICA INGENIER\u00cdA QU\u00cdMICA QU\u00cdMICA INDUSTRIAL CIENCIA Y TECNOLOG\u00cdA DE ALIMENTOS NUTRICI\u00d3N INGENIER\u00cdA DE ALIMENTOS<\/p>\n","protected":false},"author":1,"featured_media":0,"parent":913,"menu_order":0,"comment_status":"closed","ping_status":"closed","template":"elementor_header_footer","meta":{"footnotes":""},"class_list":["post-421","page","type-page","status-publish","hentry"],"_links":{"self":[{"href":"https:\/\/fcquna.edu.py\/v3\/wp-json\/wp\/v2\/pages\/421","targetHints":{"allow":["GET"]}}],"collection":[{"href":"https:\/\/fcquna.edu.py\/v3\/wp-json\/wp\/v2\/pages"}],"about":[{"href":"https:\/\/fcquna.edu.py\/v3\/wp-json\/wp\/v2\/types\/page"}],"author":[{"embeddable":true,"href":"https:\/\/fcquna.edu.py\/v3\/wp-json\/wp\/v2\/users\/1"}],"replies":[{"embeddable":true,"href":"https:\/\/fcquna.edu.py\/v3\/wp-json\/wp\/v2\/comments?post=421"}],"version-history":[{"count":64,"href":"https:\/\/fcquna.edu.py\/v3\/wp-json\/wp\/v2\/pages\/421\/revisions"}],"predecessor-version":[{"id":47366,"href":"https:\/\/fcquna.edu.py\/v3\/wp-json\/wp\/v2\/pages\/421\/revisions\/47366"}],"up":[{"embeddable":true,"href":"https:\/\/fcquna.edu.py\/v3\/wp-json\/wp\/v2\/pages\/913"}],"wp:attachment":[{"href":"https:\/\/fcquna.edu.py\/v3\/wp-json\/wp\/v2\/media?parent=421"}],"curies":[{"name":"wp","href":"https:\/\/api.w.org\/{rel}","templated":true}]}}