{"id":1252,"date":"2025-11-12T21:59:25","date_gmt":"2025-11-12T21:59:25","guid":{"rendered":"https:\/\/fcquna.edu.py\/v3\/?page_id=1252"},"modified":"2025-11-20T21:13:06","modified_gmt":"2025-11-20T21:13:06","slug":"formatos-y-formularios-2","status":"publish","type":"page","link":"https:\/\/fcquna.edu.py\/v3\/academico\/formatos-y-formularios-2\/","title":{"rendered":"Formatos y Formularios"},"content":{"rendered":"\t\t<div data-elementor-type=\"wp-page\" data-elementor-id=\"1252\" class=\"elementor elementor-1252\" data-elementor-post-type=\"page\">\n\t\t\t\t<div class=\"elementor-element elementor-element-f85f815 e-flex e-con-boxed e-con e-parent\" data-id=\"f85f815\" data-element_type=\"container\" data-settings=\"{&quot;jet_parallax_layout_list&quot;:[]}\">\n\t\t\t\t\t<div class=\"e-con-inner\">\n\t\t\t\t<div class=\"elementor-element elementor-element-dd645ff elementor-widget elementor-widget-heading\" data-id=\"dd645ff\" data-element_type=\"widget\" data-widget_type=\"heading.default\">\n\t\t\t\t\t<h2 class=\"elementor-heading-title elementor-size-default\">Estudiantes<\/h2>\t\t\t\t<\/div>\n\t\t\t\t\t<\/div>\n\t\t\t\t<\/div>\n\t\t<div class=\"elementor-element elementor-element-f70ebc2 e-flex e-con-boxed e-con e-parent\" data-id=\"f70ebc2\" data-element_type=\"container\" data-settings=\"{&quot;jet_parallax_layout_list&quot;:[]}\">\n\t\t\t\t\t<div class=\"e-con-inner\">\n\t\t\t\t<div class=\"elementor-element elementor-element-23b4ebe lista-grupo elementor-widget elementor-widget-text-editor\" data-id=\"23b4ebe\" data-element_type=\"widget\" data-widget_type=\"text-editor.default\">\n\t\t\t\t\t\t\t\t\t<ul class=\"lista-grupo\">\n \t<li class=\"lista-grupo-item\"><i class=\"far fa-file-pdf\"><\/i> <a href=\"https:\/\/www.qui.una.py\/v2\/wp-content\/uploads\/12.Solic_desyudiantes_de_cambio_horario_Exa_Final_Anteproy_Estud.-2022-copia.pdf\" target=\"_blank\" rel=\"noopener\">Solicitud de Cambio de Horario de Ex\u00e1menes Finales en el Anteproyecto-Estudiante<\/a><\/li>\n \t<li class=\"lista-grupo-item\"><i class=\"far fa-file-pdf\"><\/i> <a href=\"https:\/\/www.qui.una.py\/v2\/wp-content\/uploads\/14.-Solicitud-de-Apertura-de-Mesas-de-apertura-para-examenes-Semestre-Opuesto-version-1-copia.pdf\" target=\"_blank\" rel=\"noopener\">Solicitud de Apertura de Mesa Examinadora en Semestre Opuesto para Ex\u00e1menes Parciales y Finales<\/a><\/li>\n \t<li class=\"lista-grupo-item\"><i class=\"far fa-file-pdf\"><\/i> <a href=\"https:\/\/www.qui.una.py\/v2\/wp-content\/uploads\/15.-Solicitud-de-renuncia-a-promedios-de-pruebas-parciales-2022-Version-1-copia.pdf\" target=\"_blank\" rel=\"noopener\">Solicitud de renuncia a promedios de pruebas parciales<\/a><\/li>\n \t<li class=\"lista-grupo-item\"><i class=\"far fa-file-pdf\"><\/i> <a href=\"https:\/\/www.qui.una.py\/v2\/wp-content\/uploads\/16.-Solicitud-de-verificacion-de-firma-2022-copia.pdf\" target=\"_blank\" rel=\"noopener\">Solicitud de verificaci\u00f3n de firma<\/a><\/li>\n \t<li class=\"lista-grupo-item\"><i class=\"far fa-file-pdf\"><\/i> <a href=\"https:\/\/www.qui.una.py\/v2\/wp-content\/uploads\/19.-Declaracion-Jurada_Consentimiento-Informado-para-Pasantia-2022-version-1-copia.pdf\" target=\"_blank\" rel=\"noopener\">Declaraci\u00f3n Jurada\/Consentimiento Informado para Pasant\u00eda<\/a><\/li>\n \t<li class=\"lista-grupo-item\"><i class=\"far fa-file-pdf\"><\/i> <a href=\"https:\/\/www.qui.una.py\/v2\/wp-content\/uploads\/23.-Solicitud-de-ficha-de-alumno-2022.pdf\" target=\"_blank\" rel=\"noopener\">Solicitud de ficha de alumno y constancia de matriculaci\u00f3n<\/a><\/li>\n \t<li class=\"lista-grupo-item\"><i class=\"far fa-file-pdf\"><\/i> <a href=\"#\">Solicitud de Rendici\u00f3n de Cuentas de Becas de Grado<\/a><\/li>\n \t<li class=\"lista-grupo-item\"><i class=\"far fa-file-pdf\"><\/i> <a href=\"https:\/\/www.qui.una.py\/v2\/wp-content\/uploads\/4.Solicitud-de-Inscripcion-a-asignaturas-Semestre-Opuesto.pdf\" target=\"_blank\" rel=\"noopener\">Solicitud de Inscripci\u00f3n a asignaturas Semestre Opuesto<\/a><\/li>\n \t<li class=\"lista-grupo-item\"><i class=\"far fa-file-pdf\"><\/i> <a href=\"https:\/\/www.qui.una.py\/v2\/wp-content\/uploads\/FORMULARIO-de-Justificacion-de-Ausencias-a-Clases.pdf\" target=\"_blank\" rel=\"noopener\">Formulario de Justificaci\u00f3n de Ausencia de Alumnos FCQ<\/a><\/li>\n<\/ul>\t\t\t\t\t\t\t\t<\/div>\n\t\t\t\t<div class=\"elementor-element elementor-element-076a70d elementor-widget elementor-widget-spacer\" data-id=\"076a70d\" data-element_type=\"widget\" data-widget_type=\"spacer.default\">\n\t\t\t\t\t\t\t<div class=\"elementor-spacer\">\n\t\t\t<div class=\"elementor-spacer-inner\"><\/div>\n\t\t<\/div>\n\t\t\t\t\t\t<\/div>\n\t\t\t\t\t<\/div>\n\t\t\t\t<\/div>\n\t\t<div class=\"elementor-element elementor-element-3da0af5 e-flex e-con-boxed e-con e-parent\" data-id=\"3da0af5\" data-element_type=\"container\" data-settings=\"{&quot;jet_parallax_layout_list&quot;:[]}\">\n\t\t\t\t\t<div class=\"e-con-inner\">\n\t\t\t\t<div class=\"elementor-element elementor-element-0b0d1cc elementor-widget elementor-widget-heading\" data-id=\"0b0d1cc\" data-element_type=\"widget\" data-widget_type=\"heading.default\">\n\t\t\t\t\t<h2 class=\"elementor-heading-title elementor-size-default\">Docentes<\/h2>\t\t\t\t<\/div>\n\t\t\t\t\t<\/div>\n\t\t\t\t<\/div>\n\t\t<div class=\"elementor-element elementor-element-711dc8d e-flex e-con-boxed e-con e-parent\" data-id=\"711dc8d\" data-element_type=\"container\" data-settings=\"{&quot;jet_parallax_layout_list&quot;:[]}\">\n\t\t\t\t\t<div class=\"e-con-inner\">\n\t\t\t\t<div class=\"elementor-element elementor-element-61ee8d5 lista-grupo elementor-widget elementor-widget-text-editor\" data-id=\"61ee8d5\" data-element_type=\"widget\" data-widget_type=\"text-editor.default\">\n\t\t\t\t\t\t\t\t\t<ul class=\"lista-grupo\">\n \t<li class=\"lista-grupo-item\">\n<i class=\"far fa-file-pdf\"><\/i> <a href=\"https:\/\/www.qui.una.py\/v2\/wp-content\/uploads\/1.-Plan-Semestral-de-Catedra_Clases-Teoricas.pdf\" target=\"_blank\" rel=\"noopener\">Plan Semestral de C\u00e1tedra Clases Te\u00f3ricas<\/a><\/li>\n \t<li class=\"lista-grupo-item\"><i class=\"far fa-file-pdf\"><\/i> <a href=\"https:\/\/www.qui.una.py\/v2\/wp-content\/uploads\/2.-Actividad-Semetral_Docencia_Formato-2022-version1-copia-copia.pdf\" target=\"_blank\" rel=\"noopener\">Actividad Semestral Docencia<\/a><\/li>\n \t<li class=\"lista-grupo-item\"><i class=\"far fa-file-pdf\"><\/i> <a href=\"https:\/\/www.qui.una.py\/v2\/wp-content\/uploads\/3.-Plan-de-unidad-2022-version1-copia.pdf\" target=\"_blank\" rel=\"noopener\">Plan de unidad<\/a><\/li>\n \t<li class=\"lista-grupo-item\"><i class=\"far fa-file-pdf\"><\/i> <a href=\"https:\/\/www.qui.una.py\/v2\/wp-content\/uploads\/8.-Informe-de-Pasantia-2022-version-1-copia-copia.pdf\" target=\"_blank\" rel=\"noopener\">Informe de Pasant\u00eda<\/a><\/li>\n \t<li class=\"lista-grupo-item\"><i class=\"far fa-file-pdf\"><\/i> <a href=\"https:\/\/www.qui.una.py\/v2\/wp-content\/uploads\/9.-Informe-de-Coordinadores-de-Laboratorio-2022-version-1-copia-copia.pdf\" target=\"_blank\" rel=\"noopener\">Informe de Coordinadores de Laboratorio<\/a><\/li>\n \t<li class=\"lista-grupo-item\"><i class=\"far fa-file-pdf\"><\/i> <a href=\"https:\/\/www.qui.una.py\/v2\/wp-content\/uploads\/10.-Constancia-de-entrega-de-examenes-finales-2022-version-1-copia.pdf\" target=\"_blank\" rel=\"noopener\">Constancia de entrega de ex\u00e1menes finales<\/a><\/li>\n \t<li class=\"lista-grupo-item\"><i class=\"far fa-file-pdf\"><\/i> <a href=\"https:\/\/www.qui.una.py\/v2\/wp-content\/uploads\/11.Solic_docente_de_cambio_horario_Exa_Final_Anteproy_Doc.2022.pdf\" target=\"_blank\" rel=\"noopener\">Solicitud de Cambio de Horario de Ex\u00e1menes Finales en el Anteproyecto-Docente<\/a><\/li>\n \t<li class=\"lista-grupo-item\"><i class=\"far fa-file-pdf\"><\/i> <a href=\"https:\/\/www.qui.una.py\/v2\/wp-content\/uploads\/22.-Solicitud-de-Nombramiento-Abreviado-2022.pdf\" target=\"_blank\" rel=\"noopener\">Solicitud de Nombramiento Abreviado<\/a><\/li>\n<\/ul>\t\t\t\t\t\t\t\t<\/div>\n\t\t\t\t\t<\/div>\n\t\t\t\t<\/div>\n\t\t<div class=\"elementor-element elementor-element-c31c21b e-flex e-con-boxed e-con e-parent\" data-id=\"c31c21b\" data-element_type=\"container\" data-settings=\"{&quot;jet_parallax_layout_list&quot;:[]}\">\n\t\t\t\t\t<div class=\"e-con-inner\">\n\t\t\t\t<div class=\"elementor-element elementor-element-a793967 elementor-widget elementor-widget-spacer\" data-id=\"a793967\" data-element_type=\"widget\" data-widget_type=\"spacer.default\">\n\t\t\t\t\t\t\t<div class=\"elementor-spacer\">\n\t\t\t<div class=\"elementor-spacer-inner\"><\/div>\n\t\t<\/div>\n\t\t\t\t\t\t<\/div>\n\t\t\t\t\t<\/div>\n\t\t\t\t<\/div>\n\t\t<div class=\"elementor-element elementor-element-0c6f5ac e-flex e-con-boxed e-con e-parent\" data-id=\"0c6f5ac\" data-element_type=\"container\" data-settings=\"{&quot;jet_parallax_layout_list&quot;:[]}\">\n\t\t\t\t\t<div class=\"e-con-inner\">\n\t\t\t\t<div class=\"elementor-element elementor-element-f7fc2b6 elementor-widget elementor-widget-heading\" data-id=\"f7fc2b6\" data-element_type=\"widget\" data-widget_type=\"heading.default\">\n\t\t\t\t\t<h2 class=\"elementor-heading-title elementor-size-default\">Docentes y Estudiantes<\/h2>\t\t\t\t<\/div>\n\t\t\t\t\t<\/div>\n\t\t\t\t<\/div>\n\t\t<div class=\"elementor-element elementor-element-3ebdb63 e-flex e-con-boxed e-con e-parent\" data-id=\"3ebdb63\" data-element_type=\"container\" data-settings=\"{&quot;jet_parallax_layout_list&quot;:[]}\">\n\t\t\t\t\t<div class=\"e-con-inner\">\n\t\t\t\t<div class=\"elementor-element elementor-element-0d28d55 elementor-widget elementor-widget-text-editor\" data-id=\"0d28d55\" data-element_type=\"widget\" data-widget_type=\"text-editor.default\">\n\t\t\t\t\t\t\t\t\t<ul class=\"lista-grupo\">\n \t<li class=\"lista-grupo-item\">\n<i class=\"far fa-file-word\"><\/i> <a href=\"https:\/\/qui.una.py\/wp-content\/uploads\/2022\/10\/13.-Declaracion-Jurada_COVID19_Estudiantes-copia.docx\">Declaraci\u00f3n Jurada\/Consentimiento Informado<\/a><\/li>\n \t<li class=\"lista-grupo-item\"><i class=\"far fa-file-word\"><\/i> <a href=\"https:\/\/qui.una.py\/wp-content\/uploads\/2022\/10\/17.-Solicitud-de-programas-de-asignaturas-2022-Version-1-copia.docx\">Solicitud de programas de asignaturas<\/a><\/li>\n \t<li class=\"lista-grupo-item\"><i class=\"far fa-file-word\"><\/i> <a href=\"https:\/\/qui.una.py\/wp-content\/uploads\/2022\/10\/20.-Solicitud-de-nota-institucional-2022-version1-copia.docx\">Solicitud de nota institucional<\/a><\/li>\n \t<li class=\"lista-grupo-item\"><i class=\"far fa-file-pdf\"><\/i> <a href=\"https:\/\/qui.una.py\/wp-content\/uploads\/2020\/06\/24.-Solicitud-de-carnet-de-biblioteca-2022_vDA.pdf\">Solicitud de carnet de Biblioteca<\/a><\/li>\n<\/ul>\t\t\t\t\t\t\t\t<\/div>\n\t\t\t\t\t<\/div>\n\t\t\t\t<\/div>\n\t\t\t\t<\/div>\n\t\t","protected":false},"excerpt":{"rendered":"<p>Estudiantes Solicitud de Cambio de Horario de Ex\u00e1menes Finales en el Anteproyecto-Estudiante Solicitud de Apertura de Mesa Examinadora en Semestre Opuesto para Ex\u00e1menes Parciales y Finales Solicitud de renuncia a promedios de pruebas parciales Solicitud de verificaci\u00f3n de firma Declaraci\u00f3n Jurada\/Consentimiento Informado para Pasant\u00eda Solicitud de ficha de alumno y constancia de matriculaci\u00f3n Solicitud de [&hellip;]<\/p>\n","protected":false},"author":1,"featured_media":0,"parent":913,"menu_order":0,"comment_status":"closed","ping_status":"closed","template":"","meta":{"footnotes":""},"class_list":["post-1252","page","type-page","status-publish","hentry"],"_links":{"self":[{"href":"https:\/\/fcquna.edu.py\/v3\/wp-json\/wp\/v2\/pages\/1252","targetHints":{"allow":["GET"]}}],"collection":[{"href":"https:\/\/fcquna.edu.py\/v3\/wp-json\/wp\/v2\/pages"}],"about":[{"href":"https:\/\/fcquna.edu.py\/v3\/wp-json\/wp\/v2\/types\/page"}],"author":[{"embeddable":true,"href":"https:\/\/fcquna.edu.py\/v3\/wp-json\/wp\/v2\/users\/1"}],"replies":[{"embeddable":true,"href":"https:\/\/fcquna.edu.py\/v3\/wp-json\/wp\/v2\/comments?post=1252"}],"version-history":[{"count":193,"href":"https:\/\/fcquna.edu.py\/v3\/wp-json\/wp\/v2\/pages\/1252\/revisions"}],"predecessor-version":[{"id":45937,"href":"https:\/\/fcquna.edu.py\/v3\/wp-json\/wp\/v2\/pages\/1252\/revisions\/45937"}],"up":[{"embeddable":true,"href":"https:\/\/fcquna.edu.py\/v3\/wp-json\/wp\/v2\/pages\/913"}],"wp:attachment":[{"href":"https:\/\/fcquna.edu.py\/v3\/wp-json\/wp\/v2\/media?parent=1252"}],"curies":[{"name":"wp","href":"https:\/\/api.w.org\/{rel}","templated":true}]}}