{"id":1210,"date":"2025-11-12T18:51:27","date_gmt":"2025-11-12T18:51:27","guid":{"rendered":"https:\/\/fcquna.edu.py\/v3\/?page_id=1210"},"modified":"2025-11-12T21:52:57","modified_gmt":"2025-11-12T21:52:57","slug":"reglamentaciones-2","status":"publish","type":"page","link":"https:\/\/fcquna.edu.py\/v3\/academico\/reglamentaciones-2\/","title":{"rendered":"Reglamentaciones"},"content":{"rendered":"\t\t<div data-elementor-type=\"wp-page\" data-elementor-id=\"1210\" class=\"elementor elementor-1210\" data-elementor-post-type=\"page\">\n\t\t\t\t<div class=\"elementor-element elementor-element-f548fad e-flex e-con-boxed e-con e-parent\" data-id=\"f548fad\" data-element_type=\"container\" data-settings=\"{&quot;jet_parallax_layout_list&quot;:[]}\">\n\t\t\t\t\t<div class=\"e-con-inner\">\n\t\t\t\t<div class=\"elementor-element elementor-element-030c7c5 elementor-widget elementor-widget-eael-breadcrumbs\" data-id=\"030c7c5\" data-element_type=\"widget\" data-widget_type=\"eael-breadcrumbs.default\">\n\t\t\t\t<div class=\"elementor-widget-container\">\n\t\t\t\t\t\t\t<div class=\"eael-breadcrumbs\">\n\t\t\t<div class=\"eael-breadcrumbs__content\"><a href=\"https:\/\/fcquna.edu.py\/v3\">Home<\/a> <span class=\"eael-breadcrumb-separator\">\/<\/span> <span class = \"eael-current\">Page<\/span><\/div>\t\t<\/div>\n\t\t\t\t\t\t<\/div>\n\t\t\t\t<\/div>\n\t\t\t\t<div class=\"elementor-element elementor-element-0e9a4a2 elementor-widget elementor-widget-text-editor\" data-id=\"0e9a4a2\" data-element_type=\"widget\" data-widget_type=\"text-editor.default\">\n\t\t\t\t\t\t\t\t\t<ul class=\"list-group\"><li class=\"list-group-item\"><a href=\"https:\/\/qui.una.py.vxsct57016.avnam.net\/wp-content\/uploads\/2024\/06\/Resol-108_00_2024-ACTUALIZA_Reglamento-regimen-academico-2.pdf\">Reglamento Actualizado del R\u00e9gimen Acad\u00e9mico de las Carreras de Grado de la FCQ<\/a><\/li><li><a href=\"https:\/\/qui.una.py.vxsct57016.avnam.net\/wp-content\/uploads\/2024\/03\/2.-Plan-Academico-de-Contingencia-Ano-2020-de-la-FCQ.pdf\">Plan Acad\u00e9mico de Contingencia del A\u00f1o 2020<\/a><\/li><li><a href=\"https:\/\/qui.una.py.vxsct57016.avnam.net\/wp-content\/uploads\/2024\/03\/3.-Reglamento-para-la-Evaluacion-en-la-modalidad-virtual-en-las-carrera-de-Grado-de-la-FCQ-UNA.pdf\">Reglamento para la Evaluaci\u00f3n en la modalidad virtual en las carrera de Grado de la FCQ-UNA<\/a><\/li><li><a href=\"https:\/\/qui.una.py.vxsct57016.avnam.net\/wp-content\/uploads\/2024\/03\/4.-Reglamento-para-Practicas-de-Laboratorio-en-la-modalidad-virtual-en-las-carreras-de-Grado-de-la-FCQ-UNA.pdf\">Reglamento para Pr\u00e1cticas de Laboratorio en la modalidad virtual en las carreras de Grado de la FCQ-UNA<\/a><\/li><li><a href=\"https:\/\/qui.una.py.vxsct57016.avnam.net\/wp-content\/uploads\/2024\/03\/5.-Continuidad-de-Desarrollo-de-Clases-Virtuales-de-todas-las-carreras-de-la-FCQ-UNA.pdf\">Continuidad de Desarrollo de Clases Virtuales de todas las carreras de la FCQ-UNA<\/a><\/li><li><a href=\"https:\/\/qui.una.py.vxsct57016.avnam.net\/wp-content\/uploads\/2024\/03\/6.-Reglamento-de-Desarrollo-de-planes-academicos-2008-y-2018-de-las-carreras-de-la-FCQ-UNA.pdf\">Reglamento de Desarrollo de planes acad\u00e9micos 2008 y 2018 de las carreras de la FCQ-UNA<\/a><\/li><li><a href=\"https:\/\/qui.una.py.vxsct57016.avnam.net\/wp-content\/uploads\/2024\/03\/7.-Homologacion-de-asignaturas-entre-los-planes-academicos-2008-y-2018-para-las-carreras-de-F-B-IQ-QI-CTA-N-e-IA-de-la-FCQ-UNA.pdf\">Homologaci\u00f3n de asignaturas entre los planes acad\u00e9micos 2008 y 2018, para las carreras de F, B, IQ, QI, CTA, N e IA de la FCQ-UNA<\/a><\/li><li><a href=\"https:\/\/qui.una.py.vxsct57016.avnam.net\/wp-content\/uploads\/2024\/03\/8.-Homologacion-del-cuadro-de-carga-horaria-de-planes-de-estudios-de-las-carreras-de-la-FCQ.pdf\">Homologaci\u00f3n del cuadro de carga horaria de planes de estudios de las carreras de la FCQ<\/a><\/li><li><a href=\"https:\/\/qui.una.py.vxsct57016.avnam.net\/wp-content\/uploads\/2024\/03\/9.-Reglamento-de-Seminarios-de-carreras.pdf\">Reglamento de Seminarios de carreras<\/a><\/li><li><a href=\"https:\/\/qui.una.py.vxsct57016.avnam.net\/wp-content\/uploads\/2024\/03\/10.-Reglam_ActActiv_Docencia_Formato.pdf\">Reglamento de Actividades de Docencia<\/a><\/li><li><a href=\"https:\/\/qui.una.py.vxsct57016.avnam.net\/wp-content\/uploads\/2024\/03\/11.-Reglamento-de-Asignaturas-Optativas-2008.pdf\">Reglamento de Asignaturas Optativas<\/a><\/li><li><a href=\"https:\/\/qui.una.py.vxsct57016.avnam.net\/wp-content\/uploads\/2024\/03\/12.-Reglamento-de-Regimen-Academico-para-estudiantes-de-Admision-Directa-de-la-FCQ.pdf\">Reglamento de R\u00e9gimen Acad\u00e9mico para estudiantes de Admisi\u00f3n Directa de la FCQ<\/a><\/li><li><a href=\"https:\/\/qui.una.py.vxsct57016.avnam.net\/wp-content\/uploads\/2024\/03\/13.-Reglamento-General-de-Pasantia-FCQ-2011.pdf\">Reglamento General de Pasant\u00eda de la FCQ<\/a><\/li><li><a href=\"https:\/\/qui.una.py.vxsct57016.avnam.net\/wp-content\/uploads\/2024\/03\/14.-Reglamento-de-Exoneraciones-de-la-FCQ-UNA-1.pdf\">Reglamento de Exoneraciones de la FCQ-UNA<\/a><\/li><li><a href=\"https:\/\/qui.una.py.vxsct57016.avnam.net\/wp-content\/uploads\/2024\/03\/15.-Reglamento-de-Biblioteca.pdf\">Reglamento de Biblioteca<\/a><\/li><li><a href=\"https:\/\/qui.una.py.vxsct57016.avnam.net\/wp-content\/uploads\/2024\/03\/16.-De-la-Prohibicion-de-Actos-Bautismo-de-ingreso.pdf\">De la Prohibici\u00f3n de Actos Bautismo de ingreso<\/a><\/li><li><a href=\"https:\/\/qui.una.py.vxsct57016.avnam.net\/wp-content\/uploads\/2024\/03\/17.-Reglam_InfDesempenoDocente_2015.pdf\">Reglamento Informe de Desempe\u00f1o Docente<\/a><\/li><li><a href=\"https:\/\/qui.una.py.vxsct57016.avnam.net\/wp-content\/uploads\/2024\/03\/18.-Reglamento-de-Evaluacion-de-Desempeno-Auxiliares-de-la-Ensenanza.pdf\">Reglamento de Evaluaci\u00f3n de Desempe\u00f1o Auxiliares de la Ense\u00f1anza<\/a><\/li><li><a href=\"https:\/\/qui.una.py.vxsct57016.avnam.net\/wp-content\/uploads\/2024\/03\/19.-Reglam_GralAcceso_PermanenciayAscenco_EscalafonDocente_UNA.pdf\">Reglamento General de Acceso, Permanencia y Ascenso en el Escalaf\u00f3n Docente de la UNA<\/a><\/li><li><a href=\"https:\/\/qui.una.py.vxsct57016.avnam.net\/wp-content\/uploads\/2024\/03\/20.-Instrumento-de-Evaluacion-para-Acceso-Permanecia-y-Ascenso-de-Doc.-Escalafonado-FCQ.pdf\">Instrumento de Evaluaci\u00f3n para Acceso, Permanencia y Ascenso de Docente Escalafonado FCQ<\/a><\/li><li><a href=\"https:\/\/qui.una.py.vxsct57016.avnam.net\/wp-content\/uploads\/2024\/03\/21.-Adenda_Reglam_Interno_Concurso_Coord_Laboratorio_JTPA.pdf\">Adenda al Reglamento Interno de Concurso para Coordinador de Laboratorio y JTPA<\/a><\/li><li><a href=\"https:\/\/qui.una.py.vxsct57016.avnam.net\/wp-content\/uploads\/2024\/03\/22.-Instrumento_Evaluacion_Concurso_Coord_Laboratorio_JTPA.pdf\">Instrumento de Evaluaci\u00f3n para Concurso de Coordinador de Laboratorio y JTPA<\/a><\/li><li><a href=\"https:\/\/qui.una.py.vxsct57016.avnam.net\/wp-content\/uploads\/2024\/03\/23.-Reglamento-de-Comisiones-Permanente-de-carreras-FCQ.pdf\">Reglamento de Comisiones Permanente de carreras-FCQ<\/a><\/li><li><a href=\"https:\/\/qui.una.py.vxsct57016.avnam.net\/wp-content\/uploads\/2024\/03\/24.-Requisitos_ProcRegTitulos_PreGradoGradPostgrado_Resol.MEC-2424.06.pdf\">Requisitos y Procedimientos p\/Registro de T\u00edtulos de Pre Grado, Grado y Pos Grado<\/a><\/li><li><a href=\"https:\/\/qui.una.py.vxsct57016.avnam.net\/wp-content\/uploads\/2024\/03\/25.-Reglam_InscripTituloGrado_UNA_0474-00-2018.pdf\">Reglamento de inscripci\u00f3n de T\u00edtulos de Grado universitario o extranjero en la UNA, para ejercicios de actividades acad\u00e9micas<\/a><\/li><li><a href=\"https:\/\/qui.una.py.vxsct57016.avnam.net\/wp-content\/uploads\/2024\/03\/26.-Reglamento-General-para-expedicion-de-Dictamen-Academico-para-homologacion-de-titulos-de-grado-otorgado-por-IES-en-el-exterior.pdf\">Reglamento General para expedici\u00f3n de Dictamen Acad\u00e9mico para homologaci\u00f3n de t\u00edtulos de grado otorgado por IES en el exterior<\/a><\/li><li><a href=\"https:\/\/qui.una.py.vxsct57016.avnam.net\/wp-content\/uploads\/2024\/03\/27.-Estatuto-de-la-UNA-2017.pdf\">Estatuto de la UNA-2017<\/a><\/li><li><a href=\"https:\/\/qui.una.py.vxsct57016.avnam.net\/wp-content\/uploads\/2024\/03\/28.-Ley_4995_De_Educacion_Superior.pdf\">Ley 4995 De Educaci\u00f3n Superior<\/a><\/li><li><a href=\"https:\/\/qui.una.py.vxsct57016.avnam.net\/wp-content\/uploads\/2024\/03\/29.-Glosario-de-Terminos-de-la-UNA-2011.pdf\">Glosario de T\u00e9rminos de la UNA<\/a><\/li><li><a href=\"https:\/\/qui.una.py.vxsct57016.avnam.net\/wp-content\/uploads\/2024\/03\/30.-Perfiles_CargosGestion_AcadyEnsenza_0343-00-2018.pdf\">Perfiles Cargos de Gesti\u00f3n Acad\u00e9mica y de Ense\u00f1anza en la UNA<\/a><\/li><\/ul>\t\t\t\t\t\t\t\t<\/div>\n\t\t\t\t\t<\/div>\n\t\t\t\t<\/div>\n\t\t<div class=\"elementor-element elementor-element-415adfd e-flex e-con-boxed e-con e-parent\" data-id=\"415adfd\" data-element_type=\"container\" data-settings=\"{&quot;jet_parallax_layout_list&quot;:[]}\">\n\t\t\t\t\t<div class=\"e-con-inner\">\n\t\t\t\t\t<\/div>\n\t\t\t\t<\/div>\n\t\t\t\t<\/div>\n\t\t","protected":false},"excerpt":{"rendered":"<p>Home \/ Page Reglamento Actualizado del R\u00e9gimen Acad\u00e9mico de las Carreras de Grado de la FCQ Plan Acad\u00e9mico de Contingencia del A\u00f1o 2020 Reglamento para la Evaluaci\u00f3n en la modalidad virtual en las carrera de Grado de la FCQ-UNA Reglamento para Pr\u00e1cticas de Laboratorio en la modalidad virtual en las carreras de Grado de la [&hellip;]<\/p>\n","protected":false},"author":1,"featured_media":0,"parent":913,"menu_order":0,"comment_status":"closed","ping_status":"closed","template":"elementor_header_footer","meta":{"footnotes":""},"class_list":["post-1210","page","type-page","status-publish","hentry"],"_links":{"self":[{"href":"https:\/\/fcquna.edu.py\/v3\/wp-json\/wp\/v2\/pages\/1210","targetHints":{"allow":["GET"]}}],"collection":[{"href":"https:\/\/fcquna.edu.py\/v3\/wp-json\/wp\/v2\/pages"}],"about":[{"href":"https:\/\/fcquna.edu.py\/v3\/wp-json\/wp\/v2\/types\/page"}],"author":[{"embeddable":true,"href":"https:\/\/fcquna.edu.py\/v3\/wp-json\/wp\/v2\/users\/1"}],"replies":[{"embeddable":true,"href":"https:\/\/fcquna.edu.py\/v3\/wp-json\/wp\/v2\/comments?post=1210"}],"version-history":[{"count":34,"href":"https:\/\/fcquna.edu.py\/v3\/wp-json\/wp\/v2\/pages\/1210\/revisions"}],"predecessor-version":[{"id":1251,"href":"https:\/\/fcquna.edu.py\/v3\/wp-json\/wp\/v2\/pages\/1210\/revisions\/1251"}],"up":[{"embeddable":true,"href":"https:\/\/fcquna.edu.py\/v3\/wp-json\/wp\/v2\/pages\/913"}],"wp:attachment":[{"href":"https:\/\/fcquna.edu.py\/v3\/wp-json\/wp\/v2\/media?parent=1210"}],"curies":[{"name":"wp","href":"https:\/\/api.w.org\/{rel}","templated":true}]}}