{"id":1201,"date":"2025-11-12T18:29:10","date_gmt":"2025-11-12T18:29:10","guid":{"rendered":"https:\/\/fcquna.edu.py\/v3\/?page_id=1201"},"modified":"2025-11-12T19:00:43","modified_gmt":"2025-11-12T19:00:43","slug":"calendario-academico-2","status":"publish","type":"page","link":"https:\/\/fcquna.edu.py\/v3\/academico\/calendario-academico-2\/","title":{"rendered":"Calendario Acad\u00e9mico"},"content":{"rendered":"\t\t<div data-elementor-type=\"wp-post\" data-elementor-id=\"1201\" class=\"elementor elementor-1201\" data-elementor-post-type=\"page\">\n\t\t\t\t<div class=\"elementor-element elementor-element-81a2bb7 e-flex e-con-boxed e-con e-parent\" data-id=\"81a2bb7\" data-element_type=\"container\" data-settings=\"{&quot;jet_parallax_layout_list&quot;:[]}\">\n\t\t\t\t\t<div class=\"e-con-inner\">\n\t\t\t\t<div class=\"elementor-element elementor-element-e83676e elementor-widget elementor-widget-eael-breadcrumbs\" data-id=\"e83676e\" data-element_type=\"widget\" data-widget_type=\"eael-breadcrumbs.default\">\n\t\t\t\t<div class=\"elementor-widget-container\">\n\t\t\t\t\t\t\t<div class=\"eael-breadcrumbs\">\n\t\t\t<div class=\"eael-breadcrumbs__content\"><a href=\"https:\/\/fcquna.edu.py\/v3\">Inicio<\/a> <span class=\"eael-breadcrumb-separator\">\/<\/span> <span class = \"eael-current\">Page<\/span><\/div>\t\t<\/div>\n\t\t\t\t\t\t<\/div>\n\t\t\t\t<\/div>\n\t\t\t\t<div class=\"elementor-element elementor-element-a2422cc elementor-widget elementor-widget-heading\" data-id=\"a2422cc\" data-element_type=\"widget\" data-widget_type=\"heading.default\">\n\t\t\t\t\t<h2 class=\"elementor-heading-title elementor-size-default\">Resumen del Calendario de Actividades de la Facultad de Ciencias Qu\u00edmicas A\u00f1o 2021<\/h2>\t\t\t\t<\/div>\n\t\t\t\t<div class=\"elementor-element elementor-element-33d5ba3 elementor-widget elementor-widget-text-editor\" data-id=\"33d5ba3\" data-element_type=\"widget\" data-widget_type=\"text-editor.default\">\n\t\t\t\t\t\t\t\t\t<p><strong>Calendario Acad\u00e9mico de Actividades de la Facultad de Ciencias Qu\u00edmicas a\u00f1o 2021. Modificado seg\u00fan Resoluci\u00f3n 7712.\u00a0<\/strong><\/p>\t\t\t\t\t\t\t\t<\/div>\n\t\t\t\t<div class=\"elementor-element elementor-element-7105556 elementor-widget elementor-widget-pdfjs-viewer\" data-id=\"7105556\" data-element_type=\"widget\" data-widget_type=\"pdfjs-viewer.default\">\n\t\t\t\t<div class=\"elementor-widget-container\">\n\t\t\t\t\t<iframe width=\"\" height=\"\" src=\"https:\/\/fcquna.edu.py\/v3\/wp-content\/plugins\/pdfjs-viewer-for-elementor\/\/assets\/js\/pdfjs\/web\/viewer.html?file=https:\/\/fcquna.edu.py\/v3\/wp-content\/plugins\/elementor\/assets\/images\/placeholder.png\"><\/iframe>\t\t\t\t<\/div>\n\t\t\t\t<\/div>\n\t\t\t\t<div class=\"elementor-element elementor-element-06e043e elementor-widget elementor-widget-text-editor\" data-id=\"06e043e\" data-element_type=\"widget\" data-widget_type=\"text-editor.default\">\n\t\t\t\t\t\t\t\t\t<p><strong>Calendario Acad\u00e9mico de Actividades de la Facultad de Ciencias Qu\u00edmicas a\u00f1o 2020. Modificado seg\u00fan Resoluci\u00f3n 7379.\u00a0<\/strong><\/p>\t\t\t\t\t\t\t\t<\/div>\n\t\t\t\t<div class=\"elementor-element elementor-element-6bcb9dd elementor-widget elementor-widget-pdfjs-viewer\" data-id=\"6bcb9dd\" data-element_type=\"widget\" data-widget_type=\"pdfjs-viewer.default\">\n\t\t\t\t<div class=\"elementor-widget-container\">\n\t\t\t\t\t<iframe width=\"\" height=\"\" src=\"https:\/\/fcquna.edu.py\/v3\/wp-content\/plugins\/pdfjs-viewer-for-elementor\/\/assets\/js\/pdfjs\/web\/viewer.html?file=https:\/\/fcquna.edu.py\/v3\/wp-content\/plugins\/elementor\/assets\/images\/placeholder.png\"><\/iframe>\t\t\t\t<\/div>\n\t\t\t\t<\/div>\n\t\t\t\t<div class=\"elementor-element elementor-element-651f612 elementor-widget elementor-widget-text-editor\" data-id=\"651f612\" data-element_type=\"widget\" data-widget_type=\"text-editor.default\">\n\t\t\t\t\t\t\t\t\t<p><strong>Calendario Acad\u00e9mico de Actividades de la Facultad de Ciencias Qu\u00edmicas a\u00f1o 2020. Modificado seg\u00fan Resoluci\u00f3n 7280.\u00a0<\/strong><\/p>\t\t\t\t\t\t\t\t<\/div>\n\t\t\t\t<div class=\"elementor-element elementor-element-91f99db elementor-widget elementor-widget-pdfjs-viewer\" data-id=\"91f99db\" data-element_type=\"widget\" data-widget_type=\"pdfjs-viewer.default\">\n\t\t\t\t<div class=\"elementor-widget-container\">\n\t\t\t\t\t<iframe width=\"\" height=\"\" src=\"https:\/\/fcquna.edu.py\/v3\/wp-content\/plugins\/pdfjs-viewer-for-elementor\/\/assets\/js\/pdfjs\/web\/viewer.html?file=https:\/\/fcquna.edu.py\/v3\/wp-content\/plugins\/elementor\/assets\/images\/placeholder.png\"><\/iframe>\t\t\t\t<\/div>\n\t\t\t\t<\/div>\n\t\t\t\t<div class=\"elementor-element elementor-element-1c02aba elementor-widget elementor-widget-text-editor\" data-id=\"1c02aba\" data-element_type=\"widget\" data-widget_type=\"text-editor.default\">\n\t\t\t\t\t\t\t\t\t<p><strong>Calendario Acad\u00e9mico de Actividades de la Facultad de Ciencias Qu\u00edmicas a\u00f1o 2020<\/strong><\/p>\t\t\t\t\t\t\t\t<\/div>\n\t\t\t\t<div class=\"elementor-element elementor-element-1421200 elementor-widget elementor-widget-pdfjs-viewer\" data-id=\"1421200\" data-element_type=\"widget\" data-widget_type=\"pdfjs-viewer.default\">\n\t\t\t\t<div class=\"elementor-widget-container\">\n\t\t\t\t\t<iframe width=\"\" height=\"\" src=\"https:\/\/fcquna.edu.py\/v3\/wp-content\/plugins\/pdfjs-viewer-for-elementor\/\/assets\/js\/pdfjs\/web\/viewer.html?file=https:\/\/fcquna.edu.py\/v3\/wp-content\/plugins\/elementor\/assets\/images\/placeholder.png\"><\/iframe>\t\t\t\t<\/div>\n\t\t\t\t<\/div>\n\t\t\t\t<div class=\"elementor-element elementor-element-d6613c8 elementor-widget elementor-widget-spacer\" data-id=\"d6613c8\" data-element_type=\"widget\" data-widget_type=\"spacer.default\">\n\t\t\t\t\t\t\t<div class=\"elementor-spacer\">\n\t\t\t<div class=\"elementor-spacer-inner\"><\/div>\n\t\t<\/div>\n\t\t\t\t\t\t<\/div>\n\t\t\t\t\t<\/div>\n\t\t\t\t<\/div>\n\t\t<div class=\"elementor-element elementor-element-a49ee9d e-flex e-con-boxed e-con e-parent\" data-id=\"a49ee9d\" data-element_type=\"container\" data-settings=\"{&quot;jet_parallax_layout_list&quot;:[],&quot;background_background&quot;:&quot;classic&quot;}\">\n\t\t\t\t\t<div class=\"e-con-inner\">\n\t\t\t\t<div class=\"elementor-element elementor-element-1c85d08 elementor-widget elementor-widget-heading\" data-id=\"1c85d08\" data-element_type=\"widget\" data-widget_type=\"heading.default\">\n\t\t\t\t\t<h4 class=\"elementor-heading-title elementor-size-default\">Contacto<\/h4>\t\t\t\t<\/div>\n\t\t\t\t<div class=\"elementor-element elementor-element-557e423 elementor-widget elementor-widget-text-editor\" data-id=\"557e423\" data-element_type=\"widget\" data-widget_type=\"text-editor.default\">\n\t\t\t\t\t\t\t\t\t<p><strong>Consultas al (021) 7290030 int. 141 \u2013 email:\u00a0<a href=\"mailto:admision@qui.una.py\" target=\"_blank\" rel=\"noopener\">admision@qui.una.py<\/a><\/strong><\/p>\t\t\t\t\t\t\t\t<\/div>\n\t\t\t\t\t<\/div>\n\t\t\t\t<\/div>\n\t\t\t\t<\/div>\n\t\t","protected":false},"excerpt":{"rendered":"<p>Inicio \/ Page Resumen del Calendario de Actividades de la Facultad de Ciencias Qu\u00edmicas A\u00f1o 2021 Calendario Acad\u00e9mico de Actividades de la Facultad de Ciencias Qu\u00edmicas a\u00f1o 2021. Modificado seg\u00fan Resoluci\u00f3n 7712.\u00a0 Calendario Acad\u00e9mico de Actividades de la Facultad de Ciencias Qu\u00edmicas a\u00f1o 2020. Modificado seg\u00fan Resoluci\u00f3n 7379.\u00a0 Calendario Acad\u00e9mico de Actividades de la Facultad [&hellip;]<\/p>\n","protected":false},"author":1,"featured_media":0,"parent":913,"menu_order":0,"comment_status":"closed","ping_status":"closed","template":"elementor_header_footer","meta":{"footnotes":""},"class_list":["post-1201","page","type-page","status-publish","hentry"],"_links":{"self":[{"href":"https:\/\/fcquna.edu.py\/v3\/wp-json\/wp\/v2\/pages\/1201","targetHints":{"allow":["GET"]}}],"collection":[{"href":"https:\/\/fcquna.edu.py\/v3\/wp-json\/wp\/v2\/pages"}],"about":[{"href":"https:\/\/fcquna.edu.py\/v3\/wp-json\/wp\/v2\/types\/page"}],"author":[{"embeddable":true,"href":"https:\/\/fcquna.edu.py\/v3\/wp-json\/wp\/v2\/users\/1"}],"replies":[{"embeddable":true,"href":"https:\/\/fcquna.edu.py\/v3\/wp-json\/wp\/v2\/comments?post=1201"}],"version-history":[{"count":4,"href":"https:\/\/fcquna.edu.py\/v3\/wp-json\/wp\/v2\/pages\/1201\/revisions"}],"predecessor-version":[{"id":1206,"href":"https:\/\/fcquna.edu.py\/v3\/wp-json\/wp\/v2\/pages\/1201\/revisions\/1206"}],"up":[{"embeddable":true,"href":"https:\/\/fcquna.edu.py\/v3\/wp-json\/wp\/v2\/pages\/913"}],"wp:attachment":[{"href":"https:\/\/fcquna.edu.py\/v3\/wp-json\/wp\/v2\/media?parent=1201"}],"curies":[{"name":"wp","href":"https:\/\/api.w.org\/{rel}","templated":true}]}}